{"id":393,"date":"2020-02-20T22:10:10","date_gmt":"2020-02-20T19:10:10","guid":{"rendered":"http:\/\/denizkaucuk.com\/kalite\/"},"modified":"2021-08-25T14:40:42","modified_gmt":"2021-08-25T11:40:42","slug":"kalite","status":"publish","type":"page","link":"https:\/\/denizkaucuk.com\/en\/kalite\/","title":{"rendered":"Quality Policy"},"content":{"rendered":"<p>1974 y\u0131l\u0131ndan bu yana kau\u00e7uk sanayiinde faaliyet g\u00f6steren firmam\u0131z, s\u00fcrekli iyile\u015fme ve geli\u015fme inanc\u0131yla, kalitesinden \u00f6d\u00fcn vermeden \u00fcretici olma gururunu uzun y\u0131llar ta\u015f\u0131yacakt\u0131r.<\/p>\n<div id=\"tap-translate\">\n<ul class=\"ul1\">\n<li class=\"li1\">M\u00fc\u015fteri olarak bir \u00fcr\u00fcn\u00fc sat\u0131n al\u0131rken g\u00f6sterdi\u011fimiz hassasiyetin, \u00fcr\u00fcnlerimiz sat\u0131n al\u0131n\u0131rken de g\u00f6sterilece\u011fini hi\u00e7bir zaman unutmay\u0131z.<span class=\"Apple-converted-space\">\u00a0 <\/span>Buna dayanarak ko\u015fuls\u0131z m\u00fc\u015fteri memnuniyeti her zaman \u00f6n plandad\u0131r.<\/li>\n<li class=\"li1\">Kaliteli bir \u00fcr\u00fcn\u00fcn ancak kaliteli girdilerle ve e\u011fitilmi\u015f personelle \u00fcretildi\u011fini savunuruz. Her kademedeki personelimizin e\u011fitimi, s\u00fcre\u00e7lerimizin iyile\u015fmesi ve kalite hedeflerimize ula\u015f\u0131lmas\u0131 anlam\u0131nda \u00f6nemlidir.<\/li>\n<li class=\"li1\">Vitrindeki \u00fcr\u00fcnde emek sahibi olmak bir ayr\u0131cal\u0131kt\u0131r.<\/li>\n<\/ul>\n<p class=\"p2\">Kaliteli bir \u00fcr\u00fcn\u00fcn ancak kaliteli girdiler ve daha \u00f6nemlisi e\u011fitilmi\u015f personelle \u00fcretilebilece\u011fini savunuruz.<\/p>\n<\/div>\n<div id=\"tap-translate\"><\/div>\n","protected":false},"excerpt":{"rendered":"<p>1974 y\u0131l\u0131ndan bu yana kau\u00e7uk sanayiinde faaliyet g\u00f6steren firmam\u0131z, s\u00fcrekli iyile\u015fme ve geli\u015fme inanc\u0131yla, kalitesinden \u00f6d\u00fcn vermeden \u00fcretici olma gururunu uzun y\u0131llar ta\u015f\u0131yacakt\u0131r. M\u00fc\u015fteri olarak bir \u00fcr\u00fcn\u00fc sat\u0131n al\u0131rken g\u00f6sterdi\u011fimiz hassasiyetin, \u00fcr\u00fcnlerimiz sat\u0131n al\u0131n\u0131rken de g\u00f6sterilece\u011fini hi\u00e7bir zaman unutmay\u0131z.\u00a0 Buna dayanarak ko\u015fuls\u0131z m\u00fc\u015fteri memnuniyeti her zaman \u00f6n plandad\u0131r. Kaliteli bir \u00fcr\u00fcn\u00fcn ancak kaliteli girdilerle ve [&hellip;]<\/p>\n","protected":false},"author":1,"featured_media":0,"parent":0,"menu_order":59,"comment_status":"closed","ping_status":"closed","template":"page-kalite.php","meta":{"_acf_changed":false,"inline_featured_image":false,"footnotes":""},"acf":[],"_links":{"self":[{"href":"https:\/\/denizkaucuk.com\/en\/wp-json\/wp\/v2\/pages\/393"}],"collection":[{"href":"https:\/\/denizkaucuk.com\/en\/wp-json\/wp\/v2\/pages"}],"about":[{"href":"https:\/\/denizkaucuk.com\/en\/wp-json\/wp\/v2\/types\/page"}],"author":[{"embeddable":true,"href":"https:\/\/denizkaucuk.com\/en\/wp-json\/wp\/v2\/users\/1"}],"replies":[{"embeddable":true,"href":"https:\/\/denizkaucuk.com\/en\/wp-json\/wp\/v2\/comments?post=393"}],"version-history":[{"count":16,"href":"https:\/\/denizkaucuk.com\/en\/wp-json\/wp\/v2\/pages\/393\/revisions"}],"predecessor-version":[{"id":2687,"href":"https:\/\/denizkaucuk.com\/en\/wp-json\/wp\/v2\/pages\/393\/revisions\/2687"}],"wp:attachment":[{"href":"https:\/\/denizkaucuk.com\/en\/wp-json\/wp\/v2\/media?parent=393"}],"curies":[{"name":"wp","href":"https:\/\/api.w.org\/{rel}","templated":true}]}}