{"id":388,"date":"2020-02-21T04:35:26","date_gmt":"2020-02-21T01:35:26","guid":{"rendered":"http:\/\/denizkaucuk.com\/fit-4-car-havuzlu-kaucuk-oto-paspasi-5\/"},"modified":"2023-06-15T11:19:02","modified_gmt":"2023-06-15T08:19:02","slug":"yari-universal-kaucuk-oto-paspasi","status":"publish","type":"page","link":"https:\/\/denizkaucuk.com\/en\/yari-universal-kaucuk-oto-paspasi\/","title":{"rendered":"Semi Universal Rubber Car Mat"},"content":{"rendered":"<div id=\"tap-translate\">\u00a0<img loading=\"lazy\" decoding=\"async\" class=\"alignnone wp-image-2512 size-full\" src=\"https:\/\/denizkaucuk.com\/wp-content\/uploads\/2021\/01\/YARI-\u00dcN\u0130VERSAL-G\u0130R\u0130\u015e-1.jpg\" alt=\"\" width=\"1090\" height=\"511\" srcset=\"https:\/\/denizkaucuk.com\/wp-content\/uploads\/2021\/01\/YARI-\u00dcN\u0130VERSAL-G\u0130R\u0130\u015e-1.jpg 1090w, https:\/\/denizkaucuk.com\/wp-content\/uploads\/2021\/01\/YARI-\u00dcN\u0130VERSAL-G\u0130R\u0130\u015e-1-300x141.jpg 300w, https:\/\/denizkaucuk.com\/wp-content\/uploads\/2021\/01\/YARI-\u00dcN\u0130VERSAL-G\u0130R\u0130\u015e-1-1024x480.jpg 1024w, https:\/\/denizkaucuk.com\/wp-content\/uploads\/2021\/01\/YARI-\u00dcN\u0130VERSAL-G\u0130R\u0130\u015e-1-768x360.jpg 768w\" sizes=\"(max-width: 1090px) 100vw, 1090px\" \/><\/div>\n<div id=\"tap-translate\"><\/div>\n<div id=\"tap-translate\"><\/div>\n<div id=\"tap-translate\"><\/div>\n<div id=\"tap-translate\"><\/div>\n<div id=\"tap-translate\"><\/div>\n<div id=\"tap-translate\"><\/div>\n","protected":false},"excerpt":{"rendered":"<p>\u00a0<\/p>\n","protected":false},"author":1,"featured_media":0,"parent":0,"menu_order":9,"comment_status":"closed","ping_status":"closed","template":"page-urunlerimiz.php","meta":{"_acf_changed":false,"inline_featured_image":false,"footnotes":""},"acf":[],"_links":{"self":[{"href":"https:\/\/denizkaucuk.com\/en\/wp-json\/wp\/v2\/pages\/388"}],"collection":[{"href":"https:\/\/denizkaucuk.com\/en\/wp-json\/wp\/v2\/pages"}],"about":[{"href":"https:\/\/denizkaucuk.com\/en\/wp-json\/wp\/v2\/types\/page"}],"author":[{"embeddable":true,"href":"https:\/\/denizkaucuk.com\/en\/wp-json\/wp\/v2\/users\/1"}],"replies":[{"embeddable":true,"href":"https:\/\/denizkaucuk.com\/en\/wp-json\/wp\/v2\/comments?post=388"}],"version-history":[{"count":27,"href":"https:\/\/denizkaucuk.com\/en\/wp-json\/wp\/v2\/pages\/388\/revisions"}],"predecessor-version":[{"id":2896,"href":"https:\/\/denizkaucuk.com\/en\/wp-json\/wp\/v2\/pages\/388\/revisions\/2896"}],"wp:attachment":[{"href":"https:\/\/denizkaucuk.com\/en\/wp-json\/wp\/v2\/media?parent=388"}],"curies":[{"name":"wp","href":"https:\/\/api.w.org\/{rel}","templated":true}]}}