{"id":2352,"date":"2020-04-25T12:56:37","date_gmt":"2020-04-25T09:56:37","guid":{"rendered":"https:\/\/denizkaucuk.com\/misyon-vizyonumuz-2\/"},"modified":"2020-04-25T12:56:37","modified_gmt":"2020-04-25T09:56:37","slug":"misyon-vizyonumuz","status":"publish","type":"page","link":"https:\/\/denizkaucuk.com\/en\/misyon-vizyonumuz\/","title":{"rendered":"Misyon &#038; Vizyonumuz"},"content":{"rendered":"<p><strong>DEN\u0130Z KAU\u00c7UK &#8220;DE\u011eER KATAR&#8221;<\/strong><\/p>\n<p>Her ge\u00e7en g\u00fcn artan <strong>\u00e7evre bilinci<\/strong>\u00a0ile, t\u00fcketicilerin \u00f6dedi\u011fi paran\u0131n kar\u015f\u0131l\u0131\u011f\u0131n\u0131 ald\u0131\u011f\u0131, yeni sat\u0131n alma kararlar\u0131nda tercih etti\u011fi <strong>kaliteli<\/strong>\u00a0\u00fcr\u00fcnler \u00fcretirken, <strong>\u00e7evreye duyarl\u0131<\/strong> bir y\u00f6netim anlay\u0131\u015f\u0131 g\u00fctmekteyiz.<\/p>\n<p>Firma olarak \u00fcretirken, birey olarak sat\u0131n alma faaliyetlerimiz ya\u015fam d\u00f6ng\u00fcs\u00fc i\u00e7inde devam etmektedir. Bu sebeple sat\u0131n al\u0131rken ki \u00f6nceliklerimiz m\u00fc\u015fterilerimizin de \u00f6ncelikleri oldu\u011fu i\u00e7in \u00fcretirken bunlara odaklanmam\u0131z ba\u015far\u0131m\u0131z ve s\u00fcreklili\u011fimiz i\u00e7in \u015fartt\u0131r.<\/p>\n<p>Mutsuz \u00e7al\u0131\u015fanlarla mutlu m\u00fc\u015fterilere sahip olamayaca\u011f\u0131m\u0131z\u0131n bilinci ile hareket etmekteyiz.<\/p>\n<p>Her i\u015f gibi \u00fcretmek de kolay de\u011fildir. Ama ortaya \u00e7\u0131kan eseri g\u00f6rmek \u00e7ok k\u0131ymetli, de\u011fer katmak gurur vericidir.<\/p>\n<p>\u0130\u015f orta\u011f\u0131m\u0131z sat\u0131c\u0131lar\u0131m\u0131zdan sat\u0131\u015f yaparken <strong>m\u00fc\u015fteri memnuniyetine<\/strong> odaklanmalar\u0131, <strong>\u00e7evre vb.<\/strong> toplumun genelini ilgilendiren konularda bizimle ayn\u0131 hassasiyeti g\u00f6stermelerini bekleriz.<\/p>\n<p>Motivasyonumuz, t\u00fcketicilerin taleplerini kar\u015f\u0131larken onlara <strong>\u00e7\u00f6z\u00fcm orta\u011f\u0131<\/strong> olup onlar\u0131 mutlu etmektir.<\/p>\n<p><strong>Hedefimiz, <\/strong>bug\u00fcne kadar oldu\u011fu gibi gelecekte de <strong>kalitesi ile bilinen \u00fcr\u00fcnler\u00a0\u00fcretmek<\/strong> ve \u00fcr\u00fcnlerimizin ula\u015ft\u0131\u011f\u0131 <strong>t\u00fcm pazarlarda ayn\u0131 etkiyi ve alg\u0131y\u0131 yaratmakt\u0131r<\/strong>.<\/p>\n","protected":false},"excerpt":{"rendered":"<p>DEN\u0130Z KAU\u00c7UK &#8220;DE\u011eER KATAR&#8221; Her ge\u00e7en g\u00fcn artan \u00e7evre bilinci\u00a0ile, t\u00fcketicilerin \u00f6dedi\u011fi paran\u0131n kar\u015f\u0131l\u0131\u011f\u0131n\u0131 ald\u0131\u011f\u0131, yeni sat\u0131n alma kararlar\u0131nda tercih etti\u011fi kaliteli\u00a0\u00fcr\u00fcnler \u00fcretirken, \u00e7evreye duyarl\u0131 bir y\u00f6netim anlay\u0131\u015f\u0131 g\u00fctmekteyiz. Firma olarak \u00fcretirken, birey olarak sat\u0131n alma faaliyetlerimiz ya\u015fam d\u00f6ng\u00fcs\u00fc i\u00e7inde devam etmektedir. Bu sebeple sat\u0131n al\u0131rken ki \u00f6nceliklerimiz m\u00fc\u015fterilerimizin de \u00f6ncelikleri oldu\u011fu i\u00e7in \u00fcretirken bunlara [&hellip;]<\/p>\n","protected":false},"author":1,"featured_media":0,"parent":0,"menu_order":17,"comment_status":"closed","ping_status":"closed","template":"page-degerlerimiz.php","meta":{"_acf_changed":false,"inline_featured_image":false,"footnotes":""},"acf":[],"_links":{"self":[{"href":"https:\/\/denizkaucuk.com\/en\/wp-json\/wp\/v2\/pages\/2352"}],"collection":[{"href":"https:\/\/denizkaucuk.com\/en\/wp-json\/wp\/v2\/pages"}],"about":[{"href":"https:\/\/denizkaucuk.com\/en\/wp-json\/wp\/v2\/types\/page"}],"author":[{"embeddable":true,"href":"https:\/\/denizkaucuk.com\/en\/wp-json\/wp\/v2\/users\/1"}],"replies":[{"embeddable":true,"href":"https:\/\/denizkaucuk.com\/en\/wp-json\/wp\/v2\/comments?post=2352"}],"version-history":[{"count":0,"href":"https:\/\/denizkaucuk.com\/en\/wp-json\/wp\/v2\/pages\/2352\/revisions"}],"wp:attachment":[{"href":"https:\/\/denizkaucuk.com\/en\/wp-json\/wp\/v2\/media?parent=2352"}],"curies":[{"name":"wp","href":"https:\/\/api.w.org\/{rel}","templated":true}]}}